{"id":3579,"date":"2016-08-17T12:22:17","date_gmt":"2016-08-17T10:22:17","guid":{"rendered":"https:\/\/verdoolaege.be\/variant-1\/"},"modified":"2025-01-28T12:48:11","modified_gmt":"2025-01-28T10:48:11","slug":"variant-1","status":"publish","type":"page","link":"https:\/\/verdoolaege.be\/fr\/","title":{"rendered":"Home"},"content":{"rendered":"<section class=\"l-section wpb_row us_custom_09cf124a height_medium\"><div class=\"l-section-h i-cf\"><div class=\"g-cols vc_row via_flex valign_middle type_default stacking_default\"><div class=\"vc_col-sm-12 wpb_column vc_column_container\"><div class=\"vc_column-inner\"><div class=\"wpb_wrapper\"><div class=\"wpb_text_column us_custom_6df4bc3a has_text_color\"><div class=\"wpb_wrapper\"><h1>Pour les instruments techniques, Verdoolaege est l&rsquo;endroit id\u00e9al.<\/h1>\n<\/div><\/div><div class=\"w-separator size_small\"><\/div><div class=\"w-btn-wrapper align_none\"><a class=\"w-btn us-btn-style_5\" href=\"#lireplus\"><span class=\"w-btn-label\">A propos<\/span><\/a><\/div><div class=\"w-btn-wrapper align_none\"><a class=\"w-btn us-btn-style_6\" href=\"#contact\"><span class=\"w-btn-label\">Contact<\/span><\/a><\/div><div class=\"w-separator size_medium\"><\/div><\/div><\/div><\/div><\/div><\/div><\/section><section class=\"l-section wpb_row us_custom_ea56f62c height_medium\" id=\"lireplus\"><div class=\"l-section-h i-cf\"><div class=\"g-cols vc_row via_flex valign_top type_default stacking_default\"><div class=\"vc_col-sm-9 wpb_column vc_column_container\"><div class=\"vc_column-inner us_custom_60e9caca us_animate_this\"><div class=\"wpb_wrapper\"><div class=\"wpb_text_column\"><div class=\"wpb_wrapper\"><p>Nous sommes sp\u00e9cialis\u00e9s dans la fourniture d&rsquo;instruments de mesure analogiques et num\u00e9riques, de compteurs \u00e0 panneau, d&rsquo;instruments de contact, d&rsquo;appareils de mesure des kWh, de transducteurs de mesure, d&rsquo;indicateurs alphanum\u00e9riques, de transducteurs de mesure et bien plus encore.<\/p>\n<p>Notre large gamme d&rsquo;instruments nous permet de r\u00e9pondre aux besoins des diff\u00e9rents clients, tels que les laboratoires, les techniciens, les chercheurs et les ing\u00e9nieurs.<\/p>\n<\/div><\/div><\/div><\/div><\/div><div class=\"vc_col-sm-3 wpb_column vc_column_container\"><div class=\"vc_column-inner\"><div class=\"wpb_wrapper\"><\/div><\/div><\/div><\/div><\/div><\/section><section class=\"l-section wpb_row us_custom_a56d635d height_medium\" id=\"services\"><div class=\"l-section-h i-cf\"><div class=\"g-cols vc_row via_flex valign_top type_default stacking_default\"><div class=\"vc_col-sm-12 wpb_column vc_column_container\"><div class=\"vc_column-inner us_custom_60e9caca us_animate_this\"><div class=\"wpb_wrapper\"><div class=\"wpb_text_column\"><div class=\"wpb_wrapper\"><h2 style=\"text-align: center;\">Pourquoi choisir les produits et services de Verdoolaege ?<\/h2>\n<\/div><\/div><div class=\"w-separator size_medium\"><\/div><div class=\"g-cols wpb_row via_flex valign_top type_default stacking_default\"><div class=\"vc_col-sm-12 vc_col-lg-4 vc_col-md-6 wpb_column vc_column_container\"><div class=\"vc_column-inner\"><div class=\"wpb_wrapper\"><div class=\"w-iconbox iconpos_top style_default color_secondary align_none\"><div class=\"w-iconbox-icon\" style=\"font-size:3rem;\"><i class=\"fal fa-gem\"><\/i><\/div><div class=\"w-iconbox-meta\"><h3 class=\"w-iconbox-title\" style=\"font-size:1.4rem;\">Qualit\u00e9<\/h3><div class=\"w-iconbox-text\"><p>Des produits de haute qualit\u00e9 qui permettent des mesures pr\u00e9cises et durent longtemps.<\/p>\n<\/div><\/div><\/div><\/div><\/div><\/div><div class=\"vc_col-sm-12 vc_col-lg-4 vc_col-md-6 wpb_column vc_column_container\"><div class=\"vc_column-inner\"><div class=\"wpb_wrapper\"><div class=\"w-iconbox iconpos_top style_default color_secondary align_none\"><div class=\"w-iconbox-icon\" style=\"font-size:3rem;\"><i class=\"fal fa-thumbs-up\"><\/i><\/div><div class=\"w-iconbox-meta\"><h3 class=\"w-iconbox-title\" style=\"font-size:1.4rem;\">Assortiment de races<\/h3><div class=\"w-iconbox-text\"><p>Une vaste gamme d&rsquo;instruments, allant des instruments de mesure analogiques et num\u00e9riques aux transducteurs de mesure, en passant par les compteurs \u00e0 panneau et les indicateurs alphanum\u00e9riques. Et bien plus encore ! Un seul fournisseur pour tous vos besoins techniques.<\/p>\n<\/div><\/div><\/div><\/div><\/div><\/div><div class=\"vc_col-sm-12 vc_col-lg-4 vc_col-md-6 wpb_column vc_column_container\"><div class=\"vc_column-inner\"><div class=\"wpb_wrapper\"><div class=\"w-iconbox iconpos_top style_default color_secondary align_none\"><div class=\"w-iconbox-icon\" style=\"font-size:3rem;\"><i class=\"fal fa-image\"><\/i><\/div><div class=\"w-iconbox-meta\"><h3 class=\"w-iconbox-title\" style=\"font-size:1.4rem;\">Assistance technique<\/h3><div class=\"w-iconbox-text\"><p>Une assistance technique experte pour aider les clients \u00e0 s\u00e9lectionner les outils ad\u00e9quats pour r\u00e9soudre leurs probl\u00e8mes.<\/p>\n<\/div><\/div><\/div><\/div><\/div><\/div><div class=\"vc_col-sm-12 vc_col-lg-4 vc_col-md-6 wpb_column vc_column_container\"><div class=\"vc_column-inner\"><div class=\"wpb_wrapper\"><div class=\"w-iconbox iconpos_top style_default color_secondary align_none\"><div class=\"w-iconbox-icon\" style=\"font-size:3rem;\"><i class=\"fal fa-clone\"><\/i><\/div><div class=\"w-iconbox-meta\"><h3 class=\"w-iconbox-title\" style=\"font-size:1.4rem;\">Innovation<\/h3><div class=\"w-iconbox-text\"><p>Toujours au fait des derniers d\u00e9veloppements techniques.<\/p>\n<\/div><\/div><\/div><\/div><\/div><\/div><div class=\"vc_col-sm-12 vc_col-lg-4 vc_col-md-6 wpb_column vc_column_container\"><div class=\"vc_column-inner\"><div class=\"wpb_wrapper\"><div class=\"w-iconbox iconpos_top style_default color_secondary align_none\"><div class=\"w-iconbox-icon\" style=\"font-size:3rem;\"><i class=\"fal fa-heart\"><\/i><\/div><div class=\"w-iconbox-meta\"><h3 class=\"w-iconbox-title\" style=\"font-size:1.4rem;\">Service clients<\/h3><div class=\"w-iconbox-text\"><p>Un excellent service \u00e0 la client\u00e8le, avec des temps de r\u00e9ponse rapides, une exp\u00e9dition rapide et une politique de retour claire.<\/p>\n<\/div><\/div><\/div><\/div><\/div><\/div><div class=\"vc_col-sm-12 vc_col-lg-4 vc_col-md-6 wpb_column vc_column_container\"><div class=\"vc_column-inner\"><div class=\"wpb_wrapper\"><div class=\"w-iconbox iconpos_top style_default color_secondary align_none\"><div class=\"w-iconbox-icon\" style=\"font-size:3rem;\"><i class=\"fal fa-euro-sign\"><\/i><\/div><div class=\"w-iconbox-meta\"><h3 class=\"w-iconbox-title\" style=\"font-size:1.4rem;\">Prix<\/h3><div class=\"w-iconbox-text\"><p>Des prix comp\u00e9titifs, ce qui permet aux clients d&rsquo;en avoir pour leur argent.<\/p>\n<\/div><\/div><\/div><\/div><\/div><\/div><\/div><\/div><\/div><\/div><\/div><\/div><\/section><section class=\"l-section wpb_row height_small\"><div class=\"l-section-h i-cf\"><div class=\"g-cols vc_row via_flex valign_top type_boxes stacking_default\"><div class=\"vc_col-sm-12 wpb_column vc_column_container has_bg_color\"><div class=\"vc_column-inner us_custom_be79ccc5\"><div class=\"wpb_wrapper\"><div class=\"wpb_text_column\"><div class=\"wpb_wrapper\"><h3 style=\"text-align: center;\">Des solutions objectives de contr\u00f4le et de mesure<\/h3>\n<p style=\"text-align: center;\">Vous pouvez vous adresser \u00e0 nous pour des compteurs \u00e0 panneau analogiques et num\u00e9riques, des instruments de contact, des indicateurs \u00e0 bargraph, des formateurs de courant et de tension et des appareils de mesure. Nous sommes \u00e9galement sp\u00e9cialis\u00e9s dans la gestion de l&rsquo;\u00e9nergie et la mesure des kWh, les transducteurs de mesure, les relais de mesure et de valeur limite, les indicateurs\/imprimantes alphanum\u00e9riques et les instruments portables et de laboratoire. Outre la vente et les conseils, nous pouvons \u00e9galement nous charger de la livraison.<\/p>\n<\/div><\/div><\/div><\/div><\/div><\/div><\/div><\/section><section class=\"l-section wpb_row us_custom_ea56f62c height_medium\"><div class=\"l-section-h i-cf\"><div class=\"g-cols vc_row via_flex valign_top type_default stacking_default\" style=\"--additional-gap:10px;\"><div class=\"vc_col-sm-4 wpb_column vc_column_container  has_bg_color\"><div class=\"vc_column-inner us_custom_607fe448 us_animate_this\"><div class=\"wpb_wrapper\"><\/div><\/div><\/div><div class=\"vc_col-sm-8 wpb_column vc_column_container\"><div class=\"vc_column-inner\"><div class=\"wpb_wrapper\"><div class=\"w-separator size_custom\" style=\"height:\" id=\"j095\"><style>@media(max-width:767px){ #j095{height:30px!important}}<\/style><\/div><div class=\"wpb_text_column\"><div class=\"wpb_wrapper\"><h2>Instruments de mesure analogiques<\/h2>\n<p>Sont utilis\u00e9s pour mesurer diverses grandeurs physiques telles que la tension, le courant, la r\u00e9sistance et la fr\u00e9quence. Pour ceux qui pr\u00e9f\u00e8rent les instruments num\u00e9riques, nous proposons une gamme d&rsquo;instruments de mesure num\u00e9riques modernes et pr\u00e9cis.<\/p>\n<\/div><\/div><div class=\"w-separator size_medium\"><\/div><div class=\"wpb_text_column\"><div class=\"wpb_wrapper\"><h2>Compteurs de panneaux<\/h2>\n<p>Sont largement utilis\u00e9s dans les environnements industriels, o\u00f9 il est important de surveiller et d&rsquo;ajuster en permanence les processus. Nos compteurs \u00e0 panneau peuvent \u00eatre facilement int\u00e9gr\u00e9s dans le syst\u00e8me de contr\u00f4le de vos machines et sont adapt\u00e9s \u00e0 la mesure de divers signaux tels que le courant, la tension et la temp\u00e9rature.<\/p>\n<\/div><\/div><\/div><\/div><\/div><\/div><\/div><\/section><section class=\"l-section wpb_row us_custom_ea56f62c height_medium\"><div class=\"l-section-h i-cf\"><div class=\"g-cols vc_row via_flex valign_top type_default reversed stacking_default\" style=\"--additional-gap:10px;\"><div class=\"vc_col-sm-8 wpb_column vc_column_container\"><div class=\"vc_column-inner us_custom_60e9caca us_animate_this\"><div class=\"wpb_wrapper\"><div class=\"w-separator size_custom\" style=\"height:\" id=\"d338\"><style>@media(max-width:767px){ #d338{height:30px!important}}<\/style><\/div><div class=\"wpb_text_column\"><div class=\"wpb_wrapper\"><h2>Equipement pour la mesure du kwh<\/h2>\n<p>Vous aident \u00e0 mesurer et \u00e0 surveiller votre consommation d&rsquo;\u00e9nergie, qu&rsquo;il s&rsquo;agisse de mesurer votre consommation domestique ou de surveiller la consommation dans les environnements industriels.<\/p>\n<\/div><\/div><div class=\"w-separator size_medium\"><\/div><div class=\"wpb_text_column\"><div class=\"wpb_wrapper\"><h2>Afficheurs alphanum\u00e9riques<\/h2>\n<p>Les afficheurs alphanum\u00e9riques de notre soci\u00e9t\u00e9 sont \u00e9quip\u00e9s d&rsquo;\u00e9crans LED, ce qui vous permet d&rsquo;afficher des donn\u00e9es num\u00e9riques et alphanum\u00e9riques. Cela peut \u00eatre utile pour les applications o\u00f9 il est important de communiquer des donn\u00e9es rapidement et avec pr\u00e9cision, comme dans les processus industriels ou pour une utilisation dans le secteur m\u00e9dical.<\/p>\n<\/div><\/div><\/div><\/div><\/div><div class=\"vc_col-sm-4 wpb_column vc_column_container has_bg_color\"><div class=\"vc_column-inner us_custom_72900fd6\"><div class=\"wpb_wrapper\"><\/div><\/div><\/div><\/div><\/div><\/section><section class=\"l-section wpb_row height_small\"><div class=\"l-section-h i-cf\"><div class=\"g-cols vc_row via_flex valign_top type_default stacking_default\"><div class=\"vc_col-sm-12 wpb_column vc_column_container\"><div class=\"vc_column-inner\"><div class=\"wpb_wrapper\"><div class=\"w-iconbox iconpos_top style_default color_secondary align_left no_title\"><div class=\"w-iconbox-icon\" style=\"font-size:2rem;\"><i class=\"fas fa-quote-left\"><\/i><\/div><div class=\"w-iconbox-meta\"><div class=\"w-iconbox-text\"><h6><span style=\"color: #ffc80a;\">En plus de nos produits, nous offrons \u00e9galement un excellent service \u00e0 la client\u00e8le et une assistance technique. Nos experts peuvent vous aider \u00e0 s\u00e9lectionner les instruments adapt\u00e9s \u00e0 votre application et vous conseiller sur l&rsquo;installation et l&rsquo;utilisation de nos instruments.<\/span><\/h6>\n<\/div><\/div><\/div><div class=\"w-iconbox iconpos_top style_default color_secondary align_right no_text no_title\"><div class=\"w-iconbox-icon\" style=\"font-size:2rem;\"><i class=\"fas fa-quote-right\"><\/i><\/div><div class=\"w-iconbox-meta\"><\/div><\/div><div class=\"w-separator size_medium\"><\/div><div class=\"wpb_text_column\"><div class=\"wpb_wrapper\"><h2>Les transducteurs de mesure<\/h2>\n<p>Sont con\u00e7us pour convertir les signaux provenant de diff\u00e9rents types de capteurs en signaux de sortie standard, ce qui facilite le traitement des donn\u00e9es. Nous disposons d&rsquo;une large s\u00e9lection de transducteurs de mesure adapt\u00e9s \u00e0 diff\u00e9rents types d&rsquo;applications.<\/p>\n<\/div><\/div><\/div><\/div><\/div><\/div><\/div><\/section><section class=\"l-section wpb_row us_custom_315b8835 height_medium\"><div class=\"l-section-h i-cf\"><div class=\"g-cols vc_row via_flex valign_top type_default stacking_default\"><div class=\"vc_col-sm-12 wpb_column vc_column_container\"><div class=\"vc_column-inner us_custom_60e9caca us_animate_this\"><div class=\"wpb_wrapper\"><div class=\"w-actionbox color_light controls_bottom\"><div class=\"w-actionbox-text\"><h2 class=\"w-actionbox-title\">Prenez contact avec nous<\/h2><div class=\"w-actionbox-description\"><p>Si vous \u00eates \u00e0 la recherche d&rsquo;outils d&rsquo;ing\u00e9nierie de haute qualit\u00e9 pour votre projet ou votre entreprise, ne cherchez pas plus loin. Contactez-nous d\u00e8s aujourd&rsquo;hui pour plus d&rsquo;informations.<\/p>\n<\/div><\/div><div class=\"w-actionbox-controls\"><a class=\"w-btn us-btn-style_6\" href=\"#contact\"><span class=\"w-btn-label\">Contactez nous<\/span><\/a><\/div><\/div><\/div><\/div><\/div><\/div><\/div><\/section>\n","protected":false},"excerpt":{"rendered":"Pour les instruments techniques, Verdoolaege est l&rsquo;endroit id\u00e9al. A proposContactNous sommes sp\u00e9cialis\u00e9s dans la fourniture d&rsquo;instruments de mesure analogiques et num\u00e9riques, de compteurs \u00e0 panneau, d&rsquo;instruments de contact, d&rsquo;appareils de mesure des kWh, de transducteurs de mesure, d&rsquo;indicateurs alphanum\u00e9riques, de transducteurs de mesure et bien plus encore. Notre large gamme d&rsquo;instruments nous permet de r\u00e9pondre...","protected":false},"author":1,"featured_media":0,"parent":0,"menu_order":0,"comment_status":"closed","ping_status":"closed","template":"","meta":{"footnotes":""},"class_list":["post-3579","page","type-page","status-publish","hentry"],"acf":[],"yoast_head":"<!-- This site is optimized with the Yoast SEO plugin v26.2 - https:\/\/yoast.com\/wordpress\/plugins\/seo\/ -->\n<title>Verdoolaege - Antwerp | Panneaux de mesure | Instruments de mesure | Anvers<\/title>\n<meta name=\"description\" content=\"D\u00e9couvrez notre gamme d&#039;instruments de mesure et d&#039;\u00e9quipements de contr\u00f4le Contactez Verdoolaege \u00e0 Anvers\" \/>\n<meta name=\"robots\" content=\"index, follow, max-snippet:-1, max-image-preview:large, max-video-preview:-1\" \/>\n<link rel=\"canonical\" href=\"https:\/\/verdoolaege.be\/fr\/\" \/>\n<meta property=\"og:locale\" content=\"fr_FR\" \/>\n<meta property=\"og:type\" content=\"article\" \/>\n<meta property=\"og:title\" content=\"Verdoolaege - Antwerp | Panneaux de mesure | Instruments de mesure | Anvers\" \/>\n<meta property=\"og:description\" content=\"D\u00e9couvrez notre gamme d&#039;instruments de mesure et d&#039;\u00e9quipements de contr\u00f4le Contactez Verdoolaege \u00e0 Anvers\" \/>\n<meta property=\"og:url\" content=\"https:\/\/verdoolaege.be\/fr\/\" \/>\n<meta property=\"og:site_name\" content=\"Verdoolaege\" \/>\n<meta property=\"article:modified_time\" content=\"2025-01-28T10:48:11+00:00\" \/>\n<meta name=\"twitter:card\" content=\"summary_large_image\" \/>\n<meta name=\"twitter:label1\" content=\"Dur\u00e9e de lecture est.\" \/>\n\t<meta name=\"twitter:data1\" content=\"4 minutes\" \/>\n<script type=\"application\/ld+json\" class=\"yoast-schema-graph\">{\"@context\":\"https:\/\/schema.org\",\"@graph\":[{\"@type\":\"WebPage\",\"@id\":\"https:\/\/verdoolaege.be\/fr\/\",\"url\":\"https:\/\/verdoolaege.be\/fr\/\",\"name\":\"Verdoolaege - Antwerp | Panneaux de mesure | Instruments de mesure | Anvers\",\"isPartOf\":{\"@id\":\"https:\/\/verdoolaege.be\/#website\"},\"datePublished\":\"2016-08-17T10:22:17+00:00\",\"dateModified\":\"2025-01-28T10:48:11+00:00\",\"description\":\"D\u00e9couvrez notre gamme d'instruments de mesure et d'\u00e9quipements de contr\u00f4le Contactez Verdoolaege \u00e0 Anvers\",\"breadcrumb\":{\"@id\":\"https:\/\/verdoolaege.be\/fr\/#breadcrumb\"},\"inLanguage\":\"fr-BE\",\"potentialAction\":[{\"@type\":\"ReadAction\",\"target\":[\"https:\/\/verdoolaege.be\/fr\/\"]}]},{\"@type\":\"BreadcrumbList\",\"@id\":\"https:\/\/verdoolaege.be\/fr\/#breadcrumb\",\"itemListElement\":[{\"@type\":\"ListItem\",\"position\":1,\"name\":\"Home\",\"item\":\"https:\/\/verdoolaege.be\/fr\/\"},{\"@type\":\"ListItem\",\"position\":2,\"name\":\"Home\"}]},{\"@type\":\"WebSite\",\"@id\":\"https:\/\/verdoolaege.be\/#website\",\"url\":\"https:\/\/verdoolaege.be\/\",\"name\":\"Verdoolaege\",\"description\":\"\",\"potentialAction\":[{\"@type\":\"SearchAction\",\"target\":{\"@type\":\"EntryPoint\",\"urlTemplate\":\"https:\/\/verdoolaege.be\/?s={search_term_string}\"},\"query-input\":{\"@type\":\"PropertyValueSpecification\",\"valueRequired\":true,\"valueName\":\"search_term_string\"}}],\"inLanguage\":\"fr-BE\"}]}<\/script>\n<!-- \/ Yoast SEO plugin. -->","yoast_head_json":{"title":"Verdoolaege - Antwerp | Panneaux de mesure | Instruments de mesure | Anvers","description":"D\u00e9couvrez notre gamme d'instruments de mesure et d'\u00e9quipements de contr\u00f4le Contactez Verdoolaege \u00e0 Anvers","robots":{"index":"index","follow":"follow","max-snippet":"max-snippet:-1","max-image-preview":"max-image-preview:large","max-video-preview":"max-video-preview:-1"},"canonical":"https:\/\/verdoolaege.be\/fr\/","og_locale":"fr_FR","og_type":"article","og_title":"Verdoolaege - Antwerp | Panneaux de mesure | Instruments de mesure | Anvers","og_description":"D\u00e9couvrez notre gamme d'instruments de mesure et d'\u00e9quipements de contr\u00f4le Contactez Verdoolaege \u00e0 Anvers","og_url":"https:\/\/verdoolaege.be\/fr\/","og_site_name":"Verdoolaege","article_modified_time":"2025-01-28T10:48:11+00:00","twitter_card":"summary_large_image","twitter_misc":{"Dur\u00e9e de lecture est.":"4 minutes"},"schema":{"@context":"https:\/\/schema.org","@graph":[{"@type":"WebPage","@id":"https:\/\/verdoolaege.be\/fr\/","url":"https:\/\/verdoolaege.be\/fr\/","name":"Verdoolaege - Antwerp | Panneaux de mesure | Instruments de mesure | Anvers","isPartOf":{"@id":"https:\/\/verdoolaege.be\/#website"},"datePublished":"2016-08-17T10:22:17+00:00","dateModified":"2025-01-28T10:48:11+00:00","description":"D\u00e9couvrez notre gamme d'instruments de mesure et d'\u00e9quipements de contr\u00f4le Contactez Verdoolaege \u00e0 Anvers","breadcrumb":{"@id":"https:\/\/verdoolaege.be\/fr\/#breadcrumb"},"inLanguage":"fr-BE","potentialAction":[{"@type":"ReadAction","target":["https:\/\/verdoolaege.be\/fr\/"]}]},{"@type":"BreadcrumbList","@id":"https:\/\/verdoolaege.be\/fr\/#breadcrumb","itemListElement":[{"@type":"ListItem","position":1,"name":"Home","item":"https:\/\/verdoolaege.be\/fr\/"},{"@type":"ListItem","position":2,"name":"Home"}]},{"@type":"WebSite","@id":"https:\/\/verdoolaege.be\/#website","url":"https:\/\/verdoolaege.be\/","name":"Verdoolaege","description":"","potentialAction":[{"@type":"SearchAction","target":{"@type":"EntryPoint","urlTemplate":"https:\/\/verdoolaege.be\/?s={search_term_string}"},"query-input":{"@type":"PropertyValueSpecification","valueRequired":true,"valueName":"search_term_string"}}],"inLanguage":"fr-BE"}]}},"_links":{"self":[{"href":"https:\/\/verdoolaege.be\/fr\/wp-json\/wp\/v2\/pages\/3579","targetHints":{"allow":["GET"]}}],"collection":[{"href":"https:\/\/verdoolaege.be\/fr\/wp-json\/wp\/v2\/pages"}],"about":[{"href":"https:\/\/verdoolaege.be\/fr\/wp-json\/wp\/v2\/types\/page"}],"author":[{"embeddable":true,"href":"https:\/\/verdoolaege.be\/fr\/wp-json\/wp\/v2\/users\/1"}],"replies":[{"embeddable":true,"href":"https:\/\/verdoolaege.be\/fr\/wp-json\/wp\/v2\/comments?post=3579"}],"version-history":[{"count":6,"href":"https:\/\/verdoolaege.be\/fr\/wp-json\/wp\/v2\/pages\/3579\/revisions"}],"predecessor-version":[{"id":3639,"href":"https:\/\/verdoolaege.be\/fr\/wp-json\/wp\/v2\/pages\/3579\/revisions\/3639"}],"wp:attachment":[{"href":"https:\/\/verdoolaege.be\/fr\/wp-json\/wp\/v2\/media?parent=3579"}],"curies":[{"name":"wp","href":"https:\/\/api.w.org\/{rel}","templated":true}]}}